{"id":2739,"date":"2020-12-01T14:42:03","date_gmt":"2020-12-01T14:42:03","guid":{"rendered":"https:\/\/www.juntadeandalucia.es/educacion/eaprendizaje\/?page_id=2739"},"modified":"2025-03-05T09:27:41","modified_gmt":"2025-03-05T09:27:41","slug":"plataformas-educativas","status":"publish","type":"page","link":"https:\/\/www.juntadeandalucia.es/educacion/eaprendizaje\/plataformas-educativas\/","title":{"rendered":"Plataformas Educativas"},"content":{"rendered":"<p>[et_pb_section fb_built=\u00bb1&#8243; _builder_version=\u00bb4.16&#8243; global_colors_info=\u00bb{}\u00bb][et_pb_row use_custom_gutter=\u00bbon\u00bb gutter_width=\u00bb2&#8243; _builder_version=\u00bb4.16&#8243; background_color=\u00bb#f3f3f3&#8243; background_color_gradient_start=\u00bb#333333&#8243; width=\u00bb100%\u00bb max_width=\u00bb2560px\u00bb custom_padding=\u00bb0px|2%|0px|2%\u00bb z_index_tablet=\u00bb500&#8243; box_shadow_horizontal_tablet=\u00bb0px\u00bb box_shadow_vertical_tablet=\u00bb0px\u00bb box_shadow_blur_tablet=\u00bb40px\u00bb box_shadow_spread_tablet=\u00bb0px\u00bb global_colors_info=\u00bb{}\u00bb][et_pb_column type=\u00bb4_4&#8243; _builder_version=\u00bb4.16&#8243; custom_padding=\u00bb|||\u00bb global_colors_info=\u00bb{}\u00bb custom_padding__hover=\u00bb|||\u00bb][et_pb_code _builder_version=\u00bb4.16&#8243; z_index_tablet=\u00bb500&#8243; global_colors_info=\u00bb{}\u00bb]<\/p>\n<div class=\"ea_pag_sd_cabecera_img ea_pag_sd_cabecera_img_plat_educ\"><!-- [et_pb_line_break_holder] -->    <img decoding=\"async\" title=\"Plataformas Educativas\" src=\"https:\/\/www.juntadeandalucia.es/educacion/eaprendizaje\/wp-content\/uploads\/2021\/03\/IMG_cabecera_plataformas_educativas_MS_365-scaled.jpg\" \/><!-- [et_pb_line_break_holder] --><\/div>\n<p><!-- [et_pb_line_break_holder] --><\/p>\n<div class=\"ea_pag_sd_cabecera_txt ea_pag_sd_cabecera_txt_plat_educ\"><!-- [et_pb_line_break_holder] -->    <\/p>\n<h1>Plataformas educativas<\/h1>\n<p><!-- [et_pb_line_break_holder] -->    <\/p>\n<h2>Accede a los principales servicios a tu disposici\u00f3n<\/h2>\n<p><!-- [et_pb_line_break_holder] -->    <pee>La Consejer\u00eda de Desarrollo Educativo y Formaci\u00f3n Profesional pone a disposici\u00f3n de los centros educativos la plataforma Moodle Centros para ayudar al profesorado a crear comunidades de aprendizaje en l\u00ednea. Se ofrece tambi\u00e9n la posibilidad de que los centros dispongan de la plataforma GSuite o de la plataforma Microsoft 365.<\/pee><!-- [et_pb_line_break_holder] -->    <a href=\"https:\/\/www.juntadeandalucia.es/educacion/eaprendizaje\/moodle-centros\/\" rel=\"noopener noreferrer\"><!-- [et_pb_line_break_holder] -->        <button type=\"button\" class=\"ea_pag_btn\">Moodle Centros<\/button><!-- [et_pb_line_break_holder] -->    <\/a><!-- [et_pb_line_break_holder] -->    <a href=\"https:\/\/www.juntadeandalucia.es/educacion/eaprendizaje\/gsuite\/\" rel=\"noopener noreferrer\"><!-- [et_pb_line_break_holder] -->        <button type=\"button\" class=\"ea_pag_btn\">GSuite<\/button><!-- [et_pb_line_break_holder] -->    <\/a><!-- [et_pb_line_break_holder] --><a href=\"https:\/\/www.juntadeandalucia.es/educacion/eaprendizaje\/microsoft365\/\" rel=\"noopener noreferrer\"><!-- [et_pb_line_break_holder] -->        <button type=\"button\" class=\"ea_pag_btn\">Microsoft 365<\/button><!-- [et_pb_line_break_holder] -->    <\/a><!-- [et_pb_line_break_holder] --><\/div>\n<p>[\/et_pb_code][\/et_pb_column][\/et_pb_row][\/et_pb_section][et_pb_section fb_built=\u00bb1&#8243; _builder_version=\u00bb4.16&#8243; inner_width_tablet=\u00bb50px\u00bb inner_max_width_tablet=\u00bb50px\u00bb z_index_tablet=\u00bb500&#8243; box_shadow_horizontal_tablet=\u00bb0px\u00bb box_shadow_vertical_tablet=\u00bb0px\u00bb box_shadow_blur_tablet=\u00bb40px\u00bb box_shadow_spread_tablet=\u00bb0px\u00bb global_colors_info=\u00bb{}\u00bb][et_pb_row _builder_version=\u00bb4.27.4&#8243; custom_padding=\u00bb||0px|\u00bb hover_enabled=\u00bb0&#8243; z_index_tablet=\u00bb500&#8243; box_shadow_horizontal_tablet=\u00bb0px\u00bb box_shadow_vertical_tablet=\u00bb0px\u00bb box_shadow_blur_tablet=\u00bb40px\u00bb box_shadow_spread_tablet=\u00bb0px\u00bb global_colors_info=\u00bb{}\u00bb width=\u00bb98%\u00bb max_width=\u00bb2560px\u00bb sticky_enabled=\u00bb0&#8243;][et_pb_column type=\u00bb4_4&#8243; _builder_version=\u00bb4.16&#8243; custom_padding=\u00bb|||\u00bb global_colors_info=\u00bb{}\u00bb custom_padding__hover=\u00bb|||\u00bb][et_pb_code _builder_version=\u00bb4.16&#8243; z_index_tablet=\u00bb500&#8243; global_colors_info=\u00bb{}\u00bb]<\/p>\n<div class=\"ea_pag_flex_formate\"><!-- [et_pb_line_break_holder] --><a href=\"https:\/\/www.juntadeandalucia.es/educacion/eaprendizaje\/moodle-centros\/\" class=\"ea_pag_flex_formate_img ea_pag_flex_formate_img_customwidth\" rel=\"noopener noreferrer\"><\/p>\n<div><!-- [et_pb_line_break_holder] -->        <img decoding=\"async\" src=\"https:\/\/www.juntadeandalucia.es/educacion/eaprendizaje\/wp-content\/uploads\/2020\/08\/ServiciosEdu_MoodleCentros.png\" alt=\"Logo Moodle Centros\" \/><!-- [et_pb_line_break_holder] -->    <\/div>\n<p><\/a><!-- [et_pb_line_break_holder] -->    <\/p>\n<div class=\"ea_pag_flex_formate_content ea_pag_flex_formate_content_background\"><!-- [et_pb_line_break_holder] -->        <\/p>\n<h4>Acceso a Moodle Centros<\/h4>\n<p><!-- [et_pb_line_break_holder] -->        <pee>Desde aqu\u00ed puedes acceder a Moodle Centros. Hemos preparado un video introductorio a la plataforma, que ofrece aulas virtuales por materias y docentes, preparada para facilitar el proceso de ense\u00f1anza telem\u00e1tica.<\/pee><!-- [et_pb_line_break_holder] -->        <a href=\"https:\/\/www.juntadeandalucia.es/educacion/eaprendizaje\/moodle-centros\/\" class=\"ea_pag_leermas\" rel=\"noopener noreferrer\">Accede<\/a><!-- [et_pb_line_break_holder] -->    <\/div>\n<p><!-- [et_pb_line_break_holder] --><\/div>\n<p>[\/et_pb_code][\/et_pb_column][\/et_pb_row][et_pb_row _builder_version=\u00bb4.27.4&#8243; custom_margin=\u00bb0em||0.9em|\u00bb custom_padding=\u00bb0em|||\u00bb hover_enabled=\u00bb0&#8243; z_index_tablet=\u00bb500&#8243; box_shadow_horizontal_tablet=\u00bb0px\u00bb box_shadow_vertical_tablet=\u00bb0px\u00bb box_shadow_blur_tablet=\u00bb40px\u00bb box_shadow_spread_tablet=\u00bb0px\u00bb global_colors_info=\u00bb{}\u00bb width=\u00bb98%\u00bb max_width=\u00bb2560px\u00bb sticky_enabled=\u00bb0&#8243;][et_pb_column type=\u00bb4_4&#8243; _builder_version=\u00bb4.16&#8243; custom_padding=\u00bb|||\u00bb global_colors_info=\u00bb{}\u00bb custom_padding__hover=\u00bb|||\u00bb][et_pb_code _builder_version=\u00bb4.16&#8243; z_index_tablet=\u00bb500&#8243; global_colors_info=\u00bb{}\u00bb]<\/p>\n<div class = \"ea_pag_flex_formate ea_pag_flex_formate_moffice_twocolumns\"><!-- [et_pb_line_break_holder] --><\/p>\n<div class=\"plateducontainer1\"><!-- [et_pb_line_break_holder] --><a href=\"https:\/\/www.juntadeandalucia.es/educacion/eaprendizaje\/gsuite\/\" class=\"ea_pag_flex_formate_img ea_pag_flex_formate_img_beforeright\" rel=\"noopener noreferrer\"><\/p>\n<div><!-- [et_pb_line_break_holder] --><\/div>\n<p><\/a><!-- [et_pb_line_break_holder] -->    <\/p>\n<div class=\"ea_pag_flex_formate_content ea_pag_flex_formate_content_background ea_pag_flex_formate_content_marginright\"><!-- [et_pb_line_break_holder] -->        <\/p>\n<h4>GSuite para Educaci\u00f3n<\/h4>\n<p><!-- [et_pb_line_break_holder] -->        <pee>GSuite para Educaci\u00f3n es el servicio de Google dirigido a su uso en centros educativos. GSuite potencia el aprendizaje gracias a herramientas flexibles, seguras y f\u00e1ciles de usar que son gratuitas y se desarrollaron para la educaci\u00f3n.<\/pee><!-- [et_pb_line_break_holder] -->        <a href=\"https:\/\/www.juntadeandalucia.es/educacion/eaprendizaje\/gsuite\/\" class=\"ea_pag_leermas\" rel=\"noopener noreferrer\">Accede<\/a><!-- [et_pb_line_break_holder] -->    <\/div>\n<p><!-- [et_pb_line_break_holder] --><\/div>\n<p><!-- [et_pb_line_break_holder] --><\/p>\n<div class=\"plateducontainer2\"><!-- [et_pb_line_break_holder] --><\/p>\n<div class=\"ea_pag_flex_formate_content ea_pag_flex_formate_content_background ea_pag_flex_formate_content_reverse ea_pag_flex_formate_content_marginleft\"><!-- [et_pb_line_break_holder] -->        <\/p>\n<h4>Microsoft 365<\/h4>\n<p><!-- [et_pb_line_break_holder] -->        <pee>Microsoft 365 incluye Word, Excel, Powerpoint, OneNote y ahora Microsoft Teams, adem\u00e1s de herramientas adicionales para el aula.<\/pee><!-- [et_pb_line_break_holder] -->        <a href=\"https:\/\/www.juntadeandalucia.es/educacion/eaprendizaje\/microsoft365\/\" class=\"ea_pag_leermas\" rel=\"noopener noreferrer\">Accede<\/a><!-- [et_pb_line_break_holder] -->    <\/div>\n<p><!-- [et_pb_line_break_holder] --><a href=\"https:\/\/www.juntadeandalucia.es/educacion/eaprendizaje\/microsoft365\/\" class=\"ea_pag_flex_formate_img ea_pag_flex_formate_img_beforeleft\" rel=\"noopener noreferrer\"><\/p>\n<div><!-- [et_pb_line_break_holder] -->    <\/div>\n<p><\/a><!-- [et_pb_line_break_holder] --><\/div>\n<p><!-- [et_pb_line_break_holder] --><\/div>\n<p>[\/et_pb_code][\/et_pb_column][\/et_pb_row][\/et_pb_section]<\/p>\n","protected":false},"excerpt":{"rendered":"","protected":false},"author":2,"featured_media":0,"parent":0,"menu_order":0,"comment_status":"closed","ping_status":"closed","template":"","meta":{"_et_pb_use_builder":"on","_et_pb_old_content":"","_et_gb_content_width":"","footnotes":""},"class_list":["post-2739","page","type-page","status-publish","hentry"],"yoast_head":"<!-- This site is optimized with the Yoast SEO plugin v24.4 - https:\/\/yoast.com\/wordpress\/plugins\/seo\/ -->\n<title>Plataformas Educativas - eAprendizaje<\/title>\n<meta name=\"robots\" content=\"index, follow, max-snippet:-1, max-image-preview:large, max-video-preview:-1\" \/>\n<link rel=\"canonical\" href=\"https:\/\/www.juntadeandalucia.es/educacion/eaprendizaje\/plataformas-educativas\/\" \/>\n<meta property=\"og:locale\" content=\"es_ES\" \/>\n<meta property=\"og:type\" content=\"article\" \/>\n<meta property=\"og:title\" content=\"Plataformas Educativas - eAprendizaje\" \/>\n<meta property=\"og:url\" content=\"https:\/\/www.juntadeandalucia.es/educacion/eaprendizaje\/plataformas-educativas\/\" \/>\n<meta property=\"og:site_name\" content=\"eAprendizaje\" \/>\n<meta property=\"article:modified_time\" content=\"2025-03-05T09:27:41+00:00\" \/>\n<meta property=\"og:image\" content=\"https:\/\/www.juntadeandalucia.es/educacion/eaprendizaje\/wp-content\/uploads\/2021\/03\/IMG_cabecera_plataformas_educativas_MS_365-scaled.jpg\" \/>\n<meta name=\"twitter:card\" content=\"summary_large_image\" \/>\n<meta name=\"twitter:label1\" content=\"Tiempo de lectura\" \/>\n\t<meta name=\"twitter:data1\" content=\"2 minutos\" \/>\n<script type=\"application\/ld+json\" class=\"yoast-schema-graph\">{\"@context\":\"https:\/\/schema.org\",\"@graph\":[{\"@type\":\"WebPage\",\"@id\":\"https:\/\/www.juntadeandalucia.es/educacion/eaprendizaje\/plataformas-educativas\/\",\"url\":\"https:\/\/www.juntadeandalucia.es/educacion/eaprendizaje\/plataformas-educativas\/\",\"name\":\"Plataformas Educativas - eAprendizaje\",\"isPartOf\":{\"@id\":\"https:\/\/www.juntadeandalucia.es/educacion/eaprendizaje\/#website\"},\"primaryImageOfPage\":{\"@id\":\"https:\/\/www.juntadeandalucia.es/educacion/eaprendizaje\/plataformas-educativas\/#primaryimage\"},\"image\":{\"@id\":\"https:\/\/www.juntadeandalucia.es/educacion/eaprendizaje\/plataformas-educativas\/#primaryimage\"},\"thumbnailUrl\":\"https:\/\/www.juntadeandalucia.es/educacion/eaprendizaje\/wp-content\/uploads\/2021\/03\/IMG_cabecera_plataformas_educativas_MS_365-scaled.jpg\",\"datePublished\":\"2020-12-01T14:42:03+00:00\",\"dateModified\":\"2025-03-05T09:27:41+00:00\",\"breadcrumb\":{\"@id\":\"https:\/\/www.juntadeandalucia.es/educacion/eaprendizaje\/plataformas-educativas\/#breadcrumb\"},\"inLanguage\":\"es\",\"potentialAction\":[{\"@type\":\"ReadAction\",\"target\":[\"https:\/\/www.juntadeandalucia.es/educacion/eaprendizaje\/plataformas-educativas\/\"]}]},{\"@type\":\"ImageObject\",\"inLanguage\":\"es\",\"@id\":\"https:\/\/www.juntadeandalucia.es/educacion/eaprendizaje\/plataformas-educativas\/#primaryimage\",\"url\":\"https:\/\/www.juntadeandalucia.es/educacion/eaprendizaje\/wp-content\/uploads\/2021\/03\/IMG_cabecera_plataformas_educativas_MS_365-scaled.jpg\",\"contentUrl\":\"https:\/\/www.juntadeandalucia.es/educacion/eaprendizaje\/wp-content\/uploads\/2021\/03\/IMG_cabecera_plataformas_educativas_MS_365-scaled.jpg\",\"width\":2560,\"height\":1707},{\"@type\":\"BreadcrumbList\",\"@id\":\"https:\/\/www.juntadeandalucia.es/educacion/eaprendizaje\/plataformas-educativas\/#breadcrumb\",\"itemListElement\":[{\"@type\":\"ListItem\",\"position\":1,\"name\":\"Inicio\",\"item\":\"https:\/\/www.juntadeandalucia.es/educacion/eaprendizaje\/\"},{\"@type\":\"ListItem\",\"position\":2,\"name\":\"Plataformas Educativas\"}]},{\"@type\":\"WebSite\",\"@id\":\"https:\/\/www.juntadeandalucia.es/educacion/eaprendizaje\/#website\",\"url\":\"https:\/\/www.juntadeandalucia.es/educacion/eaprendizaje\/\",\"name\":\"eAprendizaje\",\"description\":\"Punto de encuentro de la Comunidad Educativa\",\"potentialAction\":[{\"@type\":\"SearchAction\",\"target\":{\"@type\":\"EntryPoint\",\"urlTemplate\":\"https:\/\/www.juntadeandalucia.es/educacion/eaprendizaje\/?s={search_term_string}\"},\"query-input\":{\"@type\":\"PropertyValueSpecification\",\"valueRequired\":true,\"valueName\":\"search_term_string\"}}],\"inLanguage\":\"es\"}]}<\/script>\n<!-- \/ Yoast SEO plugin. -->","yoast_head_json":{"title":"Plataformas Educativas - eAprendizaje","robots":{"index":"index","follow":"follow","max-snippet":"max-snippet:-1","max-image-preview":"max-image-preview:large","max-video-preview":"max-video-preview:-1"},"canonical":"https:\/\/www.juntadeandalucia.es/educacion/eaprendizaje\/plataformas-educativas\/","og_locale":"es_ES","og_type":"article","og_title":"Plataformas Educativas - eAprendizaje","og_url":"https:\/\/www.juntadeandalucia.es/educacion/eaprendizaje\/plataformas-educativas\/","og_site_name":"eAprendizaje","article_modified_time":"2025-03-05T09:27:41+00:00","og_image":[{"url":"https:\/\/www.juntadeandalucia.es/educacion/eaprendizaje\/wp-content\/uploads\/2021\/03\/IMG_cabecera_plataformas_educativas_MS_365-scaled.jpg","type":"","width":"","height":""}],"twitter_card":"summary_large_image","twitter_misc":{"Tiempo de lectura":"2 minutos"},"schema":{"@context":"https:\/\/schema.org","@graph":[{"@type":"WebPage","@id":"https:\/\/www.juntadeandalucia.es/educacion/eaprendizaje\/plataformas-educativas\/","url":"https:\/\/www.juntadeandalucia.es/educacion/eaprendizaje\/plataformas-educativas\/","name":"Plataformas Educativas - eAprendizaje","isPartOf":{"@id":"https:\/\/www.juntadeandalucia.es/educacion/eaprendizaje\/#website"},"primaryImageOfPage":{"@id":"https:\/\/www.juntadeandalucia.es/educacion/eaprendizaje\/plataformas-educativas\/#primaryimage"},"image":{"@id":"https:\/\/www.juntadeandalucia.es/educacion/eaprendizaje\/plataformas-educativas\/#primaryimage"},"thumbnailUrl":"https:\/\/www.juntadeandalucia.es/educacion/eaprendizaje\/wp-content\/uploads\/2021\/03\/IMG_cabecera_plataformas_educativas_MS_365-scaled.jpg","datePublished":"2020-12-01T14:42:03+00:00","dateModified":"2025-03-05T09:27:41+00:00","breadcrumb":{"@id":"https:\/\/www.juntadeandalucia.es/educacion/eaprendizaje\/plataformas-educativas\/#breadcrumb"},"inLanguage":"es","potentialAction":[{"@type":"ReadAction","target":["https:\/\/www.juntadeandalucia.es/educacion/eaprendizaje\/plataformas-educativas\/"]}]},{"@type":"ImageObject","inLanguage":"es","@id":"https:\/\/www.juntadeandalucia.es/educacion/eaprendizaje\/plataformas-educativas\/#primaryimage","url":"https:\/\/www.juntadeandalucia.es/educacion/eaprendizaje\/wp-content\/uploads\/2021\/03\/IMG_cabecera_plataformas_educativas_MS_365-scaled.jpg","contentUrl":"https:\/\/www.juntadeandalucia.es/educacion/eaprendizaje\/wp-content\/uploads\/2021\/03\/IMG_cabecera_plataformas_educativas_MS_365-scaled.jpg","width":2560,"height":1707},{"@type":"BreadcrumbList","@id":"https:\/\/www.juntadeandalucia.es/educacion/eaprendizaje\/plataformas-educativas\/#breadcrumb","itemListElement":[{"@type":"ListItem","position":1,"name":"Inicio","item":"https:\/\/www.juntadeandalucia.es/educacion/eaprendizaje\/"},{"@type":"ListItem","position":2,"name":"Plataformas Educativas"}]},{"@type":"WebSite","@id":"https:\/\/www.juntadeandalucia.es/educacion/eaprendizaje\/#website","url":"https:\/\/www.juntadeandalucia.es/educacion/eaprendizaje\/","name":"eAprendizaje","description":"Punto de encuentro de la Comunidad Educativa","potentialAction":[{"@type":"SearchAction","target":{"@type":"EntryPoint","urlTemplate":"https:\/\/www.juntadeandalucia.es/educacion/eaprendizaje\/?s={search_term_string}"},"query-input":{"@type":"PropertyValueSpecification","valueRequired":true,"valueName":"search_term_string"}}],"inLanguage":"es"}]}},"_links":{"self":[{"href":"https:\/\/www.juntadeandalucia.es/educacion/eaprendizaje\/wp-json\/wp\/v2\/pages\/2739","targetHints":{"allow":["GET"]}}],"collection":[{"href":"https:\/\/www.juntadeandalucia.es/educacion/eaprendizaje\/wp-json\/wp\/v2\/pages"}],"about":[{"href":"https:\/\/www.juntadeandalucia.es/educacion/eaprendizaje\/wp-json\/wp\/v2\/types\/page"}],"author":[{"embeddable":true,"href":"https:\/\/www.juntadeandalucia.es/educacion/eaprendizaje\/wp-json\/wp\/v2\/users\/2"}],"replies":[{"embeddable":true,"href":"https:\/\/www.juntadeandalucia.es/educacion/eaprendizaje\/wp-json\/wp\/v2\/comments?post=2739"}],"version-history":[{"count":13,"href":"https:\/\/www.juntadeandalucia.es/educacion/eaprendizaje\/wp-json\/wp\/v2\/pages\/2739\/revisions"}],"predecessor-version":[{"id":7091,"href":"https:\/\/www.juntadeandalucia.es/educacion/eaprendizaje\/wp-json\/wp\/v2\/pages\/2739\/revisions\/7091"}],"wp:attachment":[{"href":"https:\/\/www.juntadeandalucia.es/educacion/eaprendizaje\/wp-json\/wp\/v2\/media?parent=2739"}],"curies":[{"name":"wp","href":"https:\/\/api.w.org\/{rel}","templated":true}]}}