{"id":8405,"date":"2025-10-20T12:15:40","date_gmt":"2025-10-20T12:15:40","guid":{"rendered":"https:\/\/www.juntadeandalucia.es/educacion/eaprendizaje\/?page_id=8405"},"modified":"2026-02-10T10:45:00","modified_gmt":"2026-02-10T10:45:00","slug":"asesorias-tecnicas-de-innovacion","status":"publish","type":"page","link":"https:\/\/www.juntadeandalucia.es/educacion/eaprendizaje\/impulsocd\/pct-codigo-escuela-4-0\/actuacion-2-acompanamiento\/asesorias-tecnicas-de-innovacion\/","title":{"rendered":"Asesor\u00edas T\u00e9cnicas de Innovaci\u00f3n"},"content":{"rendered":"<p>[et_pb_section fb_built=\u00bb1&#8243; _builder_version=\u00bb4.16&#8243; global_colors_info=\u00bb{}\u00bb][et_pb_row use_custom_gutter=\u00bbon\u00bb gutter_width=\u00bb2&#8243; _builder_version=\u00bb4.27.4&#8243; background_enable_color=\u00bboff\u00bb background_color_gradient_start=\u00bb#333333&#8243; width=\u00bb100%\u00bb max_width=\u00bb2560px\u00bb custom_padding=\u00bb0px|2%|0px|2%\u00bb z_index_tablet=\u00bb500&#8243; box_shadow_horizontal_tablet=\u00bb0px\u00bb box_shadow_vertical_tablet=\u00bb0px\u00bb box_shadow_blur_tablet=\u00bb40px\u00bb box_shadow_spread_tablet=\u00bb0px\u00bb global_colors_info=\u00bb{}\u00bb][et_pb_column type=\u00bb4_4&#8243; _builder_version=\u00bb4.27.4&#8243; custom_padding=\u00bb|||\u00bb global_colors_info=\u00bb{}\u00bb custom_padding__hover=\u00bb|||\u00bb][et_pb_code disabled_on=\u00bbon|on|on\u00bb _builder_version=\u00bb4.27.4&#8243; z_index_tablet=\u00bb500&#8243; disabled=\u00bbon\u00bb global_colors_info=\u00bb{}\u00bb][\/et_pb_code][et_pb_code _builder_version=\u00bb4.27.4&#8243; _module_preset=\u00bbdefault\u00bb custom_css_free_form=\u00bb\/* ===== SECCI\u00d3N DIGITALIZACI\u00d3N ===== *\/||.ea_digitalizacion_container {||  display: flex;||  align-items: center;||  justify-content: center;||  background: #ffffff;||  padding: 30px;||  max-width: 1980px;||  margin: 40px auto;||  flex-wrap: wrap;||}||.ea_digitalizacion_img {||  max-height: 450px;||}||.ea_digitalizacion_img img {||  width: 450px;||  border-radius: 10px;||}||||.ea_digitalizacion_content {||  flex: 1;||  text-align: center;||  border: 2px solid #3b644d30;||  border-radius: 20px;||  padding-top: 0.7em;||  padding-bottom: 0.7em;||  padding-left: 2em;||  padding-right: 2em;||  border-left: 0px;||  border-bottom-left-radius: 0px;||  min-height: 450px;||  border-top-left-radius: 0px;||}||||.ea_digitalizacion_title {||  color: #3b644d;||  font-size: 2rem;||  font-weight: 700;||  margin-bottom: 10px;||}||||.ea_digitalizacion_subtitle {||  color: #3b644d;||  font-size: 1.3rem;||  font-weight: 600;||  margin-bottom: 15px;||}||||.ea_digitalizacion_text {||  color: #333;||  font-size: 1rem;||  line-height: 1.6;||  margin-bottom: 25px;||  max-width: 1980px;||  margin-left: auto;||  margin-right: auto;||  text-align:justify;||}||||\/* BOTONES *\/||.ea_digitalizacion_buttons {||  display: flex;||  justify-content: center;||  flex-wrap: wrap;||  gap: 15px;||}||||.ea_digitalizacion_btn {||  display: inline-block;||  background-color: #fff;||  border: 2px solid #3b644d30;||  color: #3b644d;||  padding: 10px 18px;||  border-radius: 25px;||  font-weight: 600;||  text-decoration: none;||  transition: all 0.3s ease;||}||||.ea_digitalizacion_btn:hover {||  background-color: #e8f5ea;||  color: #3b644d;||   border: 2px solid #3b644d;||}||||\/* RESPONSIVE *\/||@media (max-width: 1400px) {||  .ea_digitalizacion_container {||    flex-direction: column-reverse;||    text-align: center;||    padding: 20px;||  }||  .ea_digitalizacion_content {||    border:0px !important;||    min-height: 340px||  }||   .ea_digitalizacion_img img {||    width: 280px;||  }||}||||@media (max-width: 768px) {||||||  .ea_digitalizacion_img img {||    width: 200px;||    margin-bottom: 20px;||  }||||  .ea_digitalizacion_content {||    width: 100%;||  }||||  .ea_digitalizacion_title {||    font-size: 1.8rem;||  }||||  .ea_digitalizacion_subtitle {||    font-size: 1.1rem;||  }||||  .ea_digitalizacion_text {||    font-size: 0.95rem;||  }||}||\u00bb global_colors_info=\u00bb{}\u00bb]<\/p>\n<div class=\"ea_digitalizacion_container\"><!-- [et_pb_line_break_holder] -->  <\/p>\n<div class=\"ea_digitalizacion_img\"><!-- [et_pb_line_break_holder] -->    <img<!-- [et_pb_line_break_holder] -->      src=\u00bbhttps:\/\/www.juntadeandalucia.es/educacion/eaprendizaje\/wp-content\/uploads\/2025\/10\/T2_2_ATI_acompana.png\u00bb<!-- [et_pb_line_break_holder] -->      alt=\u00bbDigitalizaci\u00f3n\u00bb<!-- [et_pb_line_break_holder] -->    \/><!-- [et_pb_line_break_holder] -->  <\/div>\n<p><!-- [et_pb_line_break_holder] --><!-- [et_pb_line_break_holder] -->  <\/p>\n<div class=\"ea_digitalizacion_content\"><!-- [et_pb_line_break_holder] -->    <\/p>\n<h1 class=\"ea_digitalizacion_title\">\u00a0<!-- [et_pb_line_break_holder] -->Asesor\u00edas T\u00e9cnicas de Innovaci\u00f3n<!-- [et_pb_line_break_holder] -->\u00a0<\/h1>\n<p><!-- [et_pb_line_break_holder] --><!-- [et_pb_line_break_holder] --><!-- [et_pb_line_break_holder] -->    <pee class=\"ea_digitalizacion_text\">Entre las medidas de apoyo<!-- [et_pb_line_break_holder] -->para el dise\u00f1o e implementaci\u00f3n del Proyecto STEAM 4.0 contempladas<!-- [et_pb_line_break_holder] -->en el apartado quinto<!-- [et_pb_line_break_holder] -->de la <a href=\"https:\/\/juntadeandalucia.es\/boja\/2025\/151\/19\" target=\"_blank\" rel=\"noopener\">Resoluci\u00f3n de 1 de agosto de 2025, de la Direcci\u00f3n General de Innovaci\u00f3n y<!-- [et_pb_line_break_holder] -->Formaci\u00f3n del Profesorado, sobre medidas para el impulso de la<!-- [et_pb_line_break_holder] -->Competencia Digital en los centros docentes sostenidos con fondos<!-- [et_pb_line_break_holder] -->p\u00fablicos en el Marco del Programa de Cooperaci\u00f3n Territorial C\u00f3digo<!-- [et_pb_line_break_holder] -->Escuela 4.0<\/a>,<!-- [et_pb_line_break_holder] -->se incluye<!-- [et_pb_line_break_holder] -->la creaci\u00f3n de una<!-- [et_pb_line_break_holder] -->red de asesor\u00edas especializadas para dar soporte t\u00e9cnico y<!-- [et_pb_line_break_holder] -->pedag\u00f3gico al profesorado.<!-- [et_pb_line_break_holder] --><!\u2013- [et_pb_br_holder] -\u2013><!\u2013- [et_pb_br_holder] -\u2013>\u00a0A trav\u00e9s de la <a href=\"https:\/\/www.juntadeandalucia.es\/educacion\/portales\/web\/inspeccion-educativa\/w\/resolucion-de-23-de-septiembre-2025-de-la-direccion-general-del-profesorado-y-gestion-de-recursos-humanos-por-la-que-se-realiza-convocatoria-publica-para-la-provision-de-puestos-en-comision-de-servicios-de-personal-funcionario-de-carrera-docente-en-andalu\" target=\"_blank\" rel=\"noopener\">Resoluci\u00f3n de 23 de septiembre 2025, de la Direcci\u00f3n General del Profesorado y Gesti\u00f3n de Recursos Humanos, por la que se realiza convocatoria<!-- [et_pb_line_break_holder] -->p\u00fablica para la provisi\u00f3n de puestos en comisi\u00f3n de servicios, de<!-- [et_pb_line_break_holder] -->personal funcionario de carrera docente en Andaluc\u00eda para el<!-- [et_pb_line_break_holder] -->desarrollo del Programa de Cooperaci\u00f3n Territorial C\u00f3digo Escuela<!-- [et_pb_line_break_holder] -->4.0<\/a>,<!-- [et_pb_line_break_holder] -->la<!-- [et_pb_line_break_holder] -->Consejer\u00eda de Desarrollo Educativo y Formaci\u00f3n Profesional nombrar\u00e1<!-- [et_pb_line_break_holder] -->una red de docentes para que constituyan una red de Asesor\u00edas<!-- [et_pb_line_break_holder] -->T\u00e9cnicas de Innovaci\u00f3n (ATI)<!-- [et_pb_line_break_holder] -->cuya funci\u00f3n principal ser\u00e1 el acompa\u00f1amiento y apoyo al<!-- [et_pb_line_break_holder] -->profesorado durante todo el proceso.<!-- [et_pb_line_break_holder] --><!\u2013- [et_pb_br_holder] -\u2013><!\u2013- [et_pb_br_holder] -\u2013>\u00a0Cada uno de los centros educativos que impartan alguna de las ense\u00f1anzas<!-- [et_pb_line_break_holder] -->incluidas en el Programa de Cooperaci\u00f3n Territorial C\u00f3digo Escuela<!-- [et_pb_line_break_holder] -->4.0 (segundo ciclo de Educaci\u00f3n Infantil, Educaci\u00f3n Primaria y\/o<!-- [et_pb_line_break_holder] -->Educaci\u00f3n Secundaria Obligatoria)<!-- [et_pb_line_break_holder] -->contar\u00e1 con una ATI<!-- [et_pb_line_break_holder] -->de referencia. <!-- [et_pb_line_break_holder] --><!-- [et_pb_line_break_holder] --><!\u2013- [et_pb_br_holder] -\u2013><!\u2013- [et_pb_br_holder] -\u2013>\u00a0Estas ATI, responsables de realizar el acompa\u00f1amiento al profesorado,<!-- [et_pb_line_break_holder] -->deber\u00e1n contar con un perfil t\u00e9cnico-pedag\u00f3gico que les permita<!-- [et_pb_line_break_holder] -->asesorar a sus centros de referencia en la aplicaci\u00f3n en el aula del<!-- [et_pb_line_break_holder] -->pensamiento computacional, los lenguajes de programaci\u00f3n, la<!-- [et_pb_line_break_holder] -->rob\u00f3tica educativa y el buen uso de la inteligencia artificial.<!-- [et_pb_line_break_holder] --><!\u2013- [et_pb_br_holder] -\u2013><!\u2013- [et_pb_br_holder] -\u2013>\u00a0Para ello, las ATI tendr\u00e1n asignadas determinadas funciones que<!-- [et_pb_line_break_holder] -->facilitar\u00e1n:<!-- [et_pb_line_break_holder] --><!-- [et_pb_line_break_holder] --><\/p>\n<ul class=\"ea_digitalizacion_text\" align=\"left\"><!-- [et_pb_line_break_holder] --><\/p>\n<li>El dise\u00f1o e implementaci\u00f3n del Proyecto STEAM 4.0.<\/li>\n<p><!-- [et_pb_line_break_holder] -->\t<!-- [et_pb_line_break_holder] --><\/p>\n<li>La puesta en pr\u00e1ctica y evaluaci\u00f3n de situaciones de aprendizaje y<!-- [et_pb_line_break_holder] -->\tactividades para el aula que cumplan con el desarrollo de las<!-- [et_pb_line_break_holder] -->\tcapacidades del alumnado en programaci\u00f3n, rob\u00f3tica y pensamiento<!-- [et_pb_line_break_holder] -->\tcomputacional observado en el curr\u00edculo educativo para estas etapas<!-- [et_pb_line_break_holder] -->\teducativas.<\/li>\n<p><!-- [et_pb_line_break_holder] -->\t<!-- [et_pb_line_break_holder] --><\/p>\n<li>La creaci\u00f3n de Recursos Educativos Abiertos.<\/li>\n<p><!-- [et_pb_line_break_holder] -->\t<!-- [et_pb_line_break_holder] --><\/p>\n<li>El soporte t\u00e9cnico y pedag\u00f3gico sobre la dotaci\u00f3n asignada a trav\u00e9s<!-- [et_pb_line_break_holder] -->\tde esta actuaci\u00f3n.<\/li>\n<p><!-- [et_pb_line_break_holder] -->\t<!-- [et_pb_line_break_holder] --><\/p>\n<li>El cumplimiento de las medidas de verificaci\u00f3n y seguimiento<!-- [et_pb_line_break_holder] -->\testablecidas.<\/li>\n<p><!-- [et_pb_line_break_holder] --><\/ul>\n<p><!-- [et_pb_line_break_holder] --><\/pee><!\u2013- [et_pb_br_holder] -\u2013><!-- [et_pb_line_break_holder] --><!-- [et_pb_line_break_holder] --><!-- [et_pb_line_break_holder] -->  <\/div>\n<p><!-- [et_pb_line_break_holder] --><\/div>\n<p><!-- [et_pb_line_break_holder] -->[\/et_pb_code][\/et_pb_column][\/et_pb_row][et_pb_row column_structure=\u00bb1_2,1_2&#8243; _builder_version=\u00bb4.27.4&#8243; _module_preset=\u00bbdefault\u00bb global_colors_info=\u00bb{}\u00bb][et_pb_column type=\u00bb1_2&#8243; _builder_version=\u00bb4.27.4&#8243; _module_preset=\u00bbdefault\u00bb global_colors_info=\u00bb{}\u00bb][et_pb_image src=\u00bbhttps:\/\/www.juntadeandalucia.es/educacion/eaprendizaje\/wp-content\/uploads\/2025\/11\/Logotipo_del_Ministerio_de_Educacion_Formacion_Profesional_y_Deportes.png\u00bb title_text=\u00bbLogotipo_del_Ministerio_de_Educacion,_Formacion_Profesional_y_Deportes\u00bb _builder_version=\u00bb4.27.4&#8243; _module_preset=\u00bbdefault\u00bb global_colors_info=\u00bb{}\u00bb][\/et_pb_image][\/et_pb_column][et_pb_column type=\u00bb1_2&#8243; _builder_version=\u00bb4.27.4&#8243; _module_preset=\u00bbdefault\u00bb global_colors_info=\u00bb{}\u00bb][et_pb_image src=\u00bbhttps:\/\/www.juntadeandalucia.es/educacion/eaprendizaje\/wp-content\/uploads\/2025\/11\/logoJunta.jpeg\u00bb title_text=\u00bblogoJunta\u00bb _builder_version=\u00bb4.27.4&#8243; _module_preset=\u00bbdefault\u00bb global_colors_info=\u00bb{}\u00bb][\/et_pb_image][\/et_pb_column][\/et_pb_row][et_pb_row _builder_version=\u00bb4.27.4&#8243; _module_preset=\u00bbdefault\u00bb global_colors_info=\u00bb{}\u00bb][et_pb_column type=\u00bb4_4&#8243; _builder_version=\u00bb4.27.4&#8243; _module_preset=\u00bbdefault\u00bb global_colors_info=\u00bb{}\u00bb][et_pb_text _builder_version=\u00bb4.27.4&#8243; _module_preset=\u00bbdefault\u00bb global_colors_info=\u00bb{}\u00bb]<\/p>\n<p style=\"text-align: center;\"><span style=\"color: #2e2925;\"><span style=\"font-family: Atkinson Hyperlegible, Arial, Helvetica, sans-serif;\"><span style=\"font-size: medium;\">Programa financiado por el Ministerio de Educaci\u00f3n, Formaci\u00f3n Profesional y Deportes.<\/span><\/span><\/span><\/p>\n<p>[\/et_pb_text][\/et_pb_column][\/et_pb_row][\/et_pb_section][et_pb_section fb_built=\u00bb1&#8243; _builder_version=\u00bb4.16&#8243; inner_width_tablet=\u00bb50px\u00bb inner_max_width_tablet=\u00bb50px\u00bb z_index_tablet=\u00bb500&#8243; box_shadow_horizontal_tablet=\u00bb0px\u00bb box_shadow_vertical_tablet=\u00bb0px\u00bb box_shadow_blur_tablet=\u00bb40px\u00bb box_shadow_spread_tablet=\u00bb0px\u00bb global_colors_info=\u00bb{}\u00bb][et_pb_row _builder_version=\u00bb4.27.4&#8243; _module_preset=\u00bbdefault\u00bb width=\u00bb90%\u00bb max_width=\u00bb1980px\u00bb global_colors_info=\u00bb{}\u00bb][et_pb_column type=\u00bb4_4&#8243; _builder_version=\u00bb4.27.4&#8243; _module_preset=\u00bbdefault\u00bb global_colors_info=\u00bb{}\u00bb][\/et_pb_column][\/et_pb_row][\/et_pb_section][et_pb_section fb_built=\u00bb1&#8243; fullwidth=\u00bbon\u00bb _builder_version=\u00bb4.27.4&#8243; _module_preset=\u00bbdefault\u00bb global_colors_info=\u00bb{}\u00bb][\/et_pb_section]<\/p>\n","protected":false},"excerpt":{"rendered":"<p>Programa financiado por el Ministerio de Educaci\u00f3n, Formaci\u00f3n Profesional y Deportes.<\/p>\n","protected":false},"author":8,"featured_media":0,"parent":8348,"menu_order":0,"comment_status":"closed","ping_status":"closed","template":"","meta":{"_et_pb_use_builder":"on","_et_pb_old_content":"","_et_gb_content_width":"","footnotes":""},"class_list":["post-8405","page","type-page","status-publish","hentry"],"yoast_head":"<!-- This site is optimized with the Yoast SEO plugin v24.4 - https:\/\/yoast.com\/wordpress\/plugins\/seo\/ -->\n<title>Asesor\u00edas T\u00e9cnicas de Innovaci\u00f3n - eAprendizaje<\/title>\n<meta name=\"robots\" content=\"index, follow, max-snippet:-1, max-image-preview:large, max-video-preview:-1\" \/>\n<link rel=\"canonical\" href=\"https:\/\/www.juntadeandalucia.es/educacion/eaprendizaje\/impulsocd\/pct-codigo-escuela-4-0\/actuacion-2-acompanamiento\/asesorias-tecnicas-de-innovacion\/\" \/>\n<meta property=\"og:locale\" content=\"es_ES\" \/>\n<meta property=\"og:type\" content=\"article\" \/>\n<meta property=\"og:title\" content=\"Asesor\u00edas T\u00e9cnicas de Innovaci\u00f3n - eAprendizaje\" \/>\n<meta property=\"og:description\" content=\"Programa financiado por el Ministerio de Educaci\u00f3n, Formaci\u00f3n Profesional y Deportes.\" \/>\n<meta property=\"og:url\" content=\"https:\/\/www.juntadeandalucia.es/educacion/eaprendizaje\/impulsocd\/pct-codigo-escuela-4-0\/actuacion-2-acompanamiento\/asesorias-tecnicas-de-innovacion\/\" \/>\n<meta property=\"og:site_name\" content=\"eAprendizaje\" \/>\n<meta property=\"article:modified_time\" content=\"2026-02-10T10:45:00+00:00\" \/>\n<meta name=\"twitter:card\" content=\"summary_large_image\" \/>\n<meta name=\"twitter:label1\" content=\"Tiempo de lectura\" \/>\n\t<meta name=\"twitter:data1\" content=\"3 minutos\" \/>\n<script type=\"application\/ld+json\" class=\"yoast-schema-graph\">{\"@context\":\"https:\/\/schema.org\",\"@graph\":[{\"@type\":\"WebPage\",\"@id\":\"https:\/\/www.juntadeandalucia.es/educacion/eaprendizaje\/impulsocd\/pct-codigo-escuela-4-0\/actuacion-2-acompanamiento\/asesorias-tecnicas-de-innovacion\/\",\"url\":\"https:\/\/www.juntadeandalucia.es/educacion/eaprendizaje\/impulsocd\/pct-codigo-escuela-4-0\/actuacion-2-acompanamiento\/asesorias-tecnicas-de-innovacion\/\",\"name\":\"Asesor\u00edas T\u00e9cnicas de Innovaci\u00f3n - eAprendizaje\",\"isPartOf\":{\"@id\":\"https:\/\/www.juntadeandalucia.es/educacion/eaprendizaje\/#website\"},\"datePublished\":\"2025-10-20T12:15:40+00:00\",\"dateModified\":\"2026-02-10T10:45:00+00:00\",\"breadcrumb\":{\"@id\":\"https:\/\/www.juntadeandalucia.es/educacion/eaprendizaje\/impulsocd\/pct-codigo-escuela-4-0\/actuacion-2-acompanamiento\/asesorias-tecnicas-de-innovacion\/#breadcrumb\"},\"inLanguage\":\"es\",\"potentialAction\":[{\"@type\":\"ReadAction\",\"target\":[\"https:\/\/www.juntadeandalucia.es/educacion/eaprendizaje\/impulsocd\/pct-codigo-escuela-4-0\/actuacion-2-acompanamiento\/asesorias-tecnicas-de-innovacion\/\"]}]},{\"@type\":\"BreadcrumbList\",\"@id\":\"https:\/\/www.juntadeandalucia.es/educacion/eaprendizaje\/impulsocd\/pct-codigo-escuela-4-0\/actuacion-2-acompanamiento\/asesorias-tecnicas-de-innovacion\/#breadcrumb\",\"itemListElement\":[{\"@type\":\"ListItem\",\"position\":1,\"name\":\"Inicio\",\"item\":\"https:\/\/www.juntadeandalucia.es/educacion/eaprendizaje\/\"},{\"@type\":\"ListItem\",\"position\":2,\"name\":\"Digitalizaci\u00f3n e Inteligencia Artificial\",\"item\":\"https:\/\/www.juntadeandalucia.es/educacion/eaprendizaje\/impulsocd\/\"},{\"@type\":\"ListItem\",\"position\":3,\"name\":\"PCT C\u00f3digo Escuela 4.0\",\"item\":\"https:\/\/www.juntadeandalucia.es/educacion/eaprendizaje\/impulsocd\/pct-codigo-escuela-4-0\/\"},{\"@type\":\"ListItem\",\"position\":4,\"name\":\"Actuaci\u00f3n 2: Acompa\u00f1amiento\",\"item\":\"https:\/\/www.juntadeandalucia.es/educacion/eaprendizaje\/impulsocd\/pct-codigo-escuela-4-0\/actuacion-2-acompanamiento\/\"},{\"@type\":\"ListItem\",\"position\":5,\"name\":\"Asesor\u00edas T\u00e9cnicas de Innovaci\u00f3n\"}]},{\"@type\":\"WebSite\",\"@id\":\"https:\/\/www.juntadeandalucia.es/educacion/eaprendizaje\/#website\",\"url\":\"https:\/\/www.juntadeandalucia.es/educacion/eaprendizaje\/\",\"name\":\"eAprendizaje\",\"description\":\"Punto de encuentro de la Comunidad Educativa\",\"potentialAction\":[{\"@type\":\"SearchAction\",\"target\":{\"@type\":\"EntryPoint\",\"urlTemplate\":\"https:\/\/www.juntadeandalucia.es/educacion/eaprendizaje\/?s={search_term_string}\"},\"query-input\":{\"@type\":\"PropertyValueSpecification\",\"valueRequired\":true,\"valueName\":\"search_term_string\"}}],\"inLanguage\":\"es\"}]}<\/script>\n<!-- \/ Yoast SEO plugin. -->","yoast_head_json":{"title":"Asesor\u00edas T\u00e9cnicas de Innovaci\u00f3n - eAprendizaje","robots":{"index":"index","follow":"follow","max-snippet":"max-snippet:-1","max-image-preview":"max-image-preview:large","max-video-preview":"max-video-preview:-1"},"canonical":"https:\/\/www.juntadeandalucia.es/educacion/eaprendizaje\/impulsocd\/pct-codigo-escuela-4-0\/actuacion-2-acompanamiento\/asesorias-tecnicas-de-innovacion\/","og_locale":"es_ES","og_type":"article","og_title":"Asesor\u00edas T\u00e9cnicas de Innovaci\u00f3n - eAprendizaje","og_description":"Programa financiado por el Ministerio de Educaci\u00f3n, Formaci\u00f3n Profesional y Deportes.","og_url":"https:\/\/www.juntadeandalucia.es/educacion/eaprendizaje\/impulsocd\/pct-codigo-escuela-4-0\/actuacion-2-acompanamiento\/asesorias-tecnicas-de-innovacion\/","og_site_name":"eAprendizaje","article_modified_time":"2026-02-10T10:45:00+00:00","twitter_card":"summary_large_image","twitter_misc":{"Tiempo de lectura":"3 minutos"},"schema":{"@context":"https:\/\/schema.org","@graph":[{"@type":"WebPage","@id":"https:\/\/www.juntadeandalucia.es/educacion/eaprendizaje\/impulsocd\/pct-codigo-escuela-4-0\/actuacion-2-acompanamiento\/asesorias-tecnicas-de-innovacion\/","url":"https:\/\/www.juntadeandalucia.es/educacion/eaprendizaje\/impulsocd\/pct-codigo-escuela-4-0\/actuacion-2-acompanamiento\/asesorias-tecnicas-de-innovacion\/","name":"Asesor\u00edas T\u00e9cnicas de Innovaci\u00f3n - eAprendizaje","isPartOf":{"@id":"https:\/\/www.juntadeandalucia.es/educacion/eaprendizaje\/#website"},"datePublished":"2025-10-20T12:15:40+00:00","dateModified":"2026-02-10T10:45:00+00:00","breadcrumb":{"@id":"https:\/\/www.juntadeandalucia.es/educacion/eaprendizaje\/impulsocd\/pct-codigo-escuela-4-0\/actuacion-2-acompanamiento\/asesorias-tecnicas-de-innovacion\/#breadcrumb"},"inLanguage":"es","potentialAction":[{"@type":"ReadAction","target":["https:\/\/www.juntadeandalucia.es/educacion/eaprendizaje\/impulsocd\/pct-codigo-escuela-4-0\/actuacion-2-acompanamiento\/asesorias-tecnicas-de-innovacion\/"]}]},{"@type":"BreadcrumbList","@id":"https:\/\/www.juntadeandalucia.es/educacion/eaprendizaje\/impulsocd\/pct-codigo-escuela-4-0\/actuacion-2-acompanamiento\/asesorias-tecnicas-de-innovacion\/#breadcrumb","itemListElement":[{"@type":"ListItem","position":1,"name":"Inicio","item":"https:\/\/www.juntadeandalucia.es/educacion/eaprendizaje\/"},{"@type":"ListItem","position":2,"name":"Digitalizaci\u00f3n e Inteligencia Artificial","item":"https:\/\/www.juntadeandalucia.es/educacion/eaprendizaje\/impulsocd\/"},{"@type":"ListItem","position":3,"name":"PCT C\u00f3digo Escuela 4.0","item":"https:\/\/www.juntadeandalucia.es/educacion/eaprendizaje\/impulsocd\/pct-codigo-escuela-4-0\/"},{"@type":"ListItem","position":4,"name":"Actuaci\u00f3n 2: Acompa\u00f1amiento","item":"https:\/\/www.juntadeandalucia.es/educacion/eaprendizaje\/impulsocd\/pct-codigo-escuela-4-0\/actuacion-2-acompanamiento\/"},{"@type":"ListItem","position":5,"name":"Asesor\u00edas T\u00e9cnicas de Innovaci\u00f3n"}]},{"@type":"WebSite","@id":"https:\/\/www.juntadeandalucia.es/educacion/eaprendizaje\/#website","url":"https:\/\/www.juntadeandalucia.es/educacion/eaprendizaje\/","name":"eAprendizaje","description":"Punto de encuentro de la Comunidad Educativa","potentialAction":[{"@type":"SearchAction","target":{"@type":"EntryPoint","urlTemplate":"https:\/\/www.juntadeandalucia.es/educacion/eaprendizaje\/?s={search_term_string}"},"query-input":{"@type":"PropertyValueSpecification","valueRequired":true,"valueName":"search_term_string"}}],"inLanguage":"es"}]}},"_links":{"self":[{"href":"https:\/\/www.juntadeandalucia.es/educacion/eaprendizaje\/wp-json\/wp\/v2\/pages\/8405","targetHints":{"allow":["GET"]}}],"collection":[{"href":"https:\/\/www.juntadeandalucia.es/educacion/eaprendizaje\/wp-json\/wp\/v2\/pages"}],"about":[{"href":"https:\/\/www.juntadeandalucia.es/educacion/eaprendizaje\/wp-json\/wp\/v2\/types\/page"}],"author":[{"embeddable":true,"href":"https:\/\/www.juntadeandalucia.es/educacion/eaprendizaje\/wp-json\/wp\/v2\/users\/8"}],"replies":[{"embeddable":true,"href":"https:\/\/www.juntadeandalucia.es/educacion/eaprendizaje\/wp-json\/wp\/v2\/comments?post=8405"}],"version-history":[{"count":14,"href":"https:\/\/www.juntadeandalucia.es/educacion/eaprendizaje\/wp-json\/wp\/v2\/pages\/8405\/revisions"}],"predecessor-version":[{"id":10339,"href":"https:\/\/www.juntadeandalucia.es/educacion/eaprendizaje\/wp-json\/wp\/v2\/pages\/8405\/revisions\/10339"}],"up":[{"embeddable":true,"href":"https:\/\/www.juntadeandalucia.es/educacion/eaprendizaje\/wp-json\/wp\/v2\/pages\/8348"}],"wp:attachment":[{"href":"https:\/\/www.juntadeandalucia.es/educacion/eaprendizaje\/wp-json\/wp\/v2\/media?parent=8405"}],"curies":[{"name":"wp","href":"https:\/\/api.w.org\/{rel}","templated":true}]}}